{"id":1370,"date":"2018-06-29T20:26:54","date_gmt":"2018-06-29T23:26:54","guid":{"rendered":"https:\/\/isfdarienti-ers.infd.edu.ar\/sitio\/noticias-para-profesores-de-la-institucion\/"},"modified":"2025-12-19T19:02:18","modified_gmt":"2025-12-19T22:02:18","slug":"noticias-para-profesores-de-la-institucion","status":"publish","type":"page","link":"https:\/\/isfdarienti-ers.infd.edu.ar\/sitio\/noticias-para-profesores-de-la-institucion\/","title":{"rendered":"NOTICIAS PARA PROFESORES DE LA INSTITUCI\u00d3N"},"content":{"rendered":"<div class=\"wp-block-image\">\n<figure class=\"aligncenter size-full\"><img decoding=\"async\" loading=\"lazy\" width=\"900\" height=\"300\" src=\"https:\/\/isfdarienti-ers.infd.edu.ar\/sitio\/wp-content\/uploads\/2025\/02\/Portada-2025.png\" alt=\"\" class=\"wp-image-3209\" srcset=\"https:\/\/isfdarienti-ers.infd.edu.ar\/sitio\/wp-content\/uploads\/2025\/02\/Portada-2025.png 900w, https:\/\/isfdarienti-ers.infd.edu.ar\/sitio\/wp-content\/uploads\/2025\/02\/Portada-2025-768x256.png 768w\" sizes=\"(max-width: 900px) 100vw, 900px\" \/><\/figure><\/div>\n\n<div class=\"wp-block-image\">\n<figure class=\"aligncenter is-resized\"><img decoding=\"async\" loading=\"lazy\" src=\"https:\/\/isfdarienti-ers.infd.edu.ar\/sitio\/wp-content\/uploads\/2020\/09\/Separador.png\" alt=\"La imagen tiene un atributo ALT vac\u00edo; su nombre de archivo es Separador.png\" width=\"600\" height=\"39\"\/><\/figure><\/div>\n\n\n<p class=\"has-text-align-center\"><strong>MESAS ORDINARIAS TURNO febrero-marzo 2026 RESOLUCI\u00d3N N\u00b04950\/22 CGE<\/strong> <a href=\"https:\/\/isfdarienti-ers.infd.edu.ar\/sitio\/wp-content\/uploads\/2025\/12\/Mesas-Turno-Febrero-Marzo.pdf\" target=\"_blank\" rel=\"noreferrer noopener\">Clic Aqu\u00ed<\/a><\/p>\n\n\n\n<p class=\"has-text-align-center\"><strong>MESAS ORDINARIAS TURNO febrero-marzo 2026 Enfermer\u00eda RESOLUCI\u00d3N N\u00b04950\/22 CGE<\/strong> Clic Aqu\u00ed<\/p>\n\n\n\n<p class=\"has-text-align-center\"><strong>MESAS ORDINARIAS TURNO -Gastronom\u00eda febrero-marzo 2026 RESOLUCI\u00d3N N\u00b04950\/22 CGE<\/strong> Clic Aqu\u00ed<\/p>\n\n\n\n<p>b<\/p>\n","protected":false},"excerpt":{"rendered":"<p>MESAS ORDINARIAS TURNO febrero-marzo 2026 RESOLUCI\u00d3N N\u00b04950\/22 CGE Clic Aqu\u00ed MESAS ORDINARIAS TURNO febrero-marzo 2026 Enfermer\u00eda RESOLUCI\u00d3N N\u00b04950\/22 CGE Clic Aqu\u00ed MESAS ORDINARIAS TURNO -Gastronom\u00eda febrero-marzo 2026 RESOLUCI\u00d3N N\u00b04950\/22 CGE Clic Aqu\u00ed b<\/p>\n","protected":false},"author":83,"featured_media":0,"parent":0,"menu_order":0,"comment_status":"closed","ping_status":"closed","template":"","meta":[],"acf":[],"_links":{"self":[{"href":"https:\/\/isfdarienti-ers.infd.edu.ar\/sitio\/wp-json\/wp\/v2\/pages\/1370"}],"collection":[{"href":"https:\/\/isfdarienti-ers.infd.edu.ar\/sitio\/wp-json\/wp\/v2\/pages"}],"about":[{"href":"https:\/\/isfdarienti-ers.infd.edu.ar\/sitio\/wp-json\/wp\/v2\/types\/page"}],"author":[{"embeddable":true,"href":"https:\/\/isfdarienti-ers.infd.edu.ar\/sitio\/wp-json\/wp\/v2\/users\/83"}],"replies":[{"embeddable":true,"href":"https:\/\/isfdarienti-ers.infd.edu.ar\/sitio\/wp-json\/wp\/v2\/comments?post=1370"}],"version-history":[{"count":106,"href":"https:\/\/isfdarienti-ers.infd.edu.ar\/sitio\/wp-json\/wp\/v2\/pages\/1370\/revisions"}],"predecessor-version":[{"id":3358,"href":"https:\/\/isfdarienti-ers.infd.edu.ar\/sitio\/wp-json\/wp\/v2\/pages\/1370\/revisions\/3358"}],"wp:attachment":[{"href":"https:\/\/isfdarienti-ers.infd.edu.ar\/sitio\/wp-json\/wp\/v2\/media?parent=1370"}],"curies":[{"name":"wp","href":"https:\/\/api.w.org\/{rel}","templated":true}]}}