{"id":1383,"date":"2018-06-29T20:26:59","date_gmt":"2018-06-29T23:26:59","guid":{"rendered":"https:\/\/isfdarienti-ers.infd.edu.ar\/sitio\/datos-institucionales\/"},"modified":"2021-03-04T07:58:35","modified_gmt":"2021-03-04T10:58:35","slug":"datos-institucionales","status":"publish","type":"page","link":"https:\/\/isfdarienti-ers.infd.edu.ar\/sitio\/datos-institucionales\/","title":{"rendered":"Datos institucionales"},"content":{"rendered":"<div>\n<p><img decoding=\"async\" loading=\"lazy\" class=\"alignnone size-full wp-image-2472 aligncenter\" src=\"https:\/\/isfdarienti-ers.infd.edu.ar\/sitio\/wp-content\/uploads\/2021\/02\/Profesorado-imagen-editada-2021.png\" alt=\"\" width=\"627\" height=\"212\" \/><\/p>\n<ul>\n<li><span style=\"font-size: 10pt; font-family: verdana;\">Horarios de atenci\u00f3n: de 17:30\u00a0a\u00a0 22.10 <\/span><\/li>\n<li><span style=\"font-size: 10pt; font-family: verdana;\">Direcci\u00f3n: Antelo 625<\/span><\/li>\n<li>Localidad: Federal &#8211; Entre R\u00edos<\/li>\n<li>CP: 3180<\/li>\n<li><span style=\"font-size: 10pt; font-family: verdana;\">Tel\u00e9fono: 03454-421045<\/span><\/li>\n<li><span style=\"font-size: 10pt; font-family: verdana;\">E-mail de consultas: <a href=\"mailto:profesoradoarienti@yahoo.com.ar\">profesoradoarienti@yahoo.com.ar<\/a><\/span><\/li>\n<li><span style=\"font-size: 10pt; font-family: verdana;\">URL: isfdarienti.ers.infd.edu.ar\/sitio\/<br \/>\n<\/span><\/li>\n<\/ul>\n<p>&nbsp;<\/p>\n<\/div>\n","protected":false},"excerpt":{"rendered":"<p>Horarios de atenci\u00f3n: de 17:30\u00a0a\u00a0 22.10 Direcci\u00f3n: Antelo 625 Localidad: Federal &#8211; Entre R\u00edos CP: 3180 Tel\u00e9fono: 03454-421045 E-mail de consultas: profesoradoarienti@yahoo.com.ar URL: isfdarienti.ers.infd.edu.ar\/sitio\/ &nbsp;<\/p>\n","protected":false},"author":15,"featured_media":0,"parent":0,"menu_order":0,"comment_status":"closed","ping_status":"closed","template":"","meta":[],"acf":[],"_links":{"self":[{"href":"https:\/\/isfdarienti-ers.infd.edu.ar\/sitio\/wp-json\/wp\/v2\/pages\/1383"}],"collection":[{"href":"https:\/\/isfdarienti-ers.infd.edu.ar\/sitio\/wp-json\/wp\/v2\/pages"}],"about":[{"href":"https:\/\/isfdarienti-ers.infd.edu.ar\/sitio\/wp-json\/wp\/v2\/types\/page"}],"author":[{"embeddable":true,"href":"https:\/\/isfdarienti-ers.infd.edu.ar\/sitio\/wp-json\/wp\/v2\/users\/15"}],"replies":[{"embeddable":true,"href":"https:\/\/isfdarienti-ers.infd.edu.ar\/sitio\/wp-json\/wp\/v2\/comments?post=1383"}],"version-history":[{"count":1,"href":"https:\/\/isfdarienti-ers.infd.edu.ar\/sitio\/wp-json\/wp\/v2\/pages\/1383\/revisions"}],"predecessor-version":[{"id":2510,"href":"https:\/\/isfdarienti-ers.infd.edu.ar\/sitio\/wp-json\/wp\/v2\/pages\/1383\/revisions\/2510"}],"wp:attachment":[{"href":"https:\/\/isfdarienti-ers.infd.edu.ar\/sitio\/wp-json\/wp\/v2\/media?parent=1383"}],"curies":[{"name":"wp","href":"https:\/\/api.w.org\/{rel}","templated":true}]}}