{"id":1424,"date":"2018-06-29T20:27:15","date_gmt":"2018-06-29T23:27:15","guid":{"rendered":"https:\/\/isfdarienti-ers.infd.edu.ar\/sitio\/profesorado-de-educacion-primaria\/"},"modified":"2021-03-13T09:55:24","modified_gmt":"2021-03-13T12:55:24","slug":"profesorado-de-educacion-primaria","status":"publish","type":"page","link":"https:\/\/isfdarienti-ers.infd.edu.ar\/sitio\/profesorado-de-educacion-primaria\/","title":{"rendered":"Profesorado de Educaci\u00f3n Primaria"},"content":{"rendered":"<p><strong>PLAN ESTUDIOS PROFESORADO DE EDUCACI\u00d3N PRIMARIA- RESOLUCI\u00d3N N\u00ba 4170\/14\u00a0<\/strong><\/p>\n<p><img decoding=\"async\" loading=\"lazy\" class=\"wp-image-2535 aligncenter\" src=\"https:\/\/isfdarienti-ers.infd.edu.ar\/sitio\/wp-content\/uploads\/2021\/03\/SinTitulo1_001.png\" alt=\"\" width=\"712\" height=\"1013\" \/><\/p>\n<p><img decoding=\"async\" loading=\"lazy\" class=\"wp-image-2536 aligncenter\" src=\"https:\/\/isfdarienti-ers.infd.edu.ar\/sitio\/wp-content\/uploads\/2021\/03\/SinTitulo1_002.png\" alt=\"\" width=\"719\" height=\"1022\" \/><\/p>\n<p><img decoding=\"async\" loading=\"lazy\" class=\"size-full wp-image-2537 aligncenter\" src=\"https:\/\/isfdarienti-ers.infd.edu.ar\/sitio\/wp-content\/uploads\/2021\/03\/SinTitulo1_003.png\" alt=\"\" width=\"830\" height=\"584\" srcset=\"https:\/\/isfdarienti-ers.infd.edu.ar\/sitio\/wp-content\/uploads\/2021\/03\/SinTitulo1_003.png 830w, https:\/\/isfdarienti-ers.infd.edu.ar\/sitio\/wp-content\/uploads\/2021\/03\/SinTitulo1_003-768x540.png 768w\" sizes=\"(max-width: 830px) 100vw, 830px\" \/><\/p>\n<p><img decoding=\"async\" loading=\"lazy\" class=\"size-full wp-image-2538 aligncenter\" src=\"https:\/\/isfdarienti-ers.infd.edu.ar\/sitio\/wp-content\/uploads\/2021\/03\/SinTitulo1_004.png\" alt=\"\" width=\"830\" height=\"584\" srcset=\"https:\/\/isfdarienti-ers.infd.edu.ar\/sitio\/wp-content\/uploads\/2021\/03\/SinTitulo1_004.png 830w, https:\/\/isfdarienti-ers.infd.edu.ar\/sitio\/wp-content\/uploads\/2021\/03\/SinTitulo1_004-768x540.png 768w\" sizes=\"(max-width: 830px) 100vw, 830px\" \/><\/p>\n<p><img decoding=\"async\" loading=\"lazy\" class=\"size-full wp-image-2539 aligncenter\" src=\"https:\/\/isfdarienti-ers.infd.edu.ar\/sitio\/wp-content\/uploads\/2021\/03\/SinTitulo1_005.png\" alt=\"\" width=\"830\" height=\"584\" srcset=\"https:\/\/isfdarienti-ers.infd.edu.ar\/sitio\/wp-content\/uploads\/2021\/03\/SinTitulo1_005.png 830w, https:\/\/isfdarienti-ers.infd.edu.ar\/sitio\/wp-content\/uploads\/2021\/03\/SinTitulo1_005-768x540.png 768w\" sizes=\"(max-width: 830px) 100vw, 830px\" \/><\/p>\n<p><img decoding=\"async\" loading=\"lazy\" class=\"wp-image-2540 aligncenter\" src=\"https:\/\/isfdarienti-ers.infd.edu.ar\/sitio\/wp-content\/uploads\/2021\/03\/4170-14_CGE_Dise\u00f1o_Curricular_para_la_Formaci\u00f3n_Docente_de_Educaci\u00f3n_Primaria_196.png\" alt=\"\" width=\"694\" height=\"986\" \/><\/p>\n","protected":false},"excerpt":{"rendered":"<p>PLAN ESTUDIOS PROFESORADO DE EDUCACI\u00d3N PRIMARIA- RESOLUCI\u00d3N N\u00ba 4170\/14\u00a0<\/p>\n","protected":false},"author":15,"featured_media":0,"parent":0,"menu_order":0,"comment_status":"closed","ping_status":"closed","template":"","meta":[],"acf":[],"_links":{"self":[{"href":"https:\/\/isfdarienti-ers.infd.edu.ar\/sitio\/wp-json\/wp\/v2\/pages\/1424"}],"collection":[{"href":"https:\/\/isfdarienti-ers.infd.edu.ar\/sitio\/wp-json\/wp\/v2\/pages"}],"about":[{"href":"https:\/\/isfdarienti-ers.infd.edu.ar\/sitio\/wp-json\/wp\/v2\/types\/page"}],"author":[{"embeddable":true,"href":"https:\/\/isfdarienti-ers.infd.edu.ar\/sitio\/wp-json\/wp\/v2\/users\/15"}],"replies":[{"embeddable":true,"href":"https:\/\/isfdarienti-ers.infd.edu.ar\/sitio\/wp-json\/wp\/v2\/comments?post=1424"}],"version-history":[{"count":3,"href":"https:\/\/isfdarienti-ers.infd.edu.ar\/sitio\/wp-json\/wp\/v2\/pages\/1424\/revisions"}],"predecessor-version":[{"id":2542,"href":"https:\/\/isfdarienti-ers.infd.edu.ar\/sitio\/wp-json\/wp\/v2\/pages\/1424\/revisions\/2542"}],"wp:attachment":[{"href":"https:\/\/isfdarienti-ers.infd.edu.ar\/sitio\/wp-json\/wp\/v2\/media?parent=1424"}],"curies":[{"name":"wp","href":"https:\/\/api.w.org\/{rel}","templated":true}]}}