{"id":1444,"date":"2018-06-29T20:27:21","date_gmt":"2018-06-29T23:27:21","guid":{"rendered":"https:\/\/isfdarienti-ers.infd.edu.ar\/sitio\/requisitos-para-inscripcion\/"},"modified":"2019-02-18T20:44:51","modified_gmt":"2019-02-18T23:44:51","slug":"requisitos-para-inscripcion","status":"publish","type":"page","link":"https:\/\/isfdarienti-ers.infd.edu.ar\/sitio\/requisitos-para-inscripcion\/","title":{"rendered":"Requisitos para Inscripci\u00f3n"},"content":{"rendered":"<p><strong>DOCUMENTACI\u00d3N PARA PRESENTAR<\/strong><\/p>\n<ul>\n<li>Fotocopia autenticada de T\u00edtulo Original &#8211; Constancia de t\u00edtulo en tr\u00e1mite &#8211; Constancia de alumno regular de \u00faltimo a\u00f1o de escuela secundaria.<\/li>\n<li>Fotocopia de D.N.I.<\/li>\n<li>Fotocopia de CUIL.<\/li>\n<li>Certificado de buena salud.<\/li>\n<li>Una (1) Carpeta marr\u00f3n con el\u00e1stico + una etiqueta.<\/li>\n<li>Dos (2) Fotos carnet 4 x 4.<\/li>\n<li>Planilla de inscripci\u00f3n Resoluci\u00f3n 655 CGE (Fotocopiadora Sta. Rosa &#8211; Casa Rosita)<\/li>\n<\/ul>\n<hr \/>\n<p><img decoding=\"async\" loading=\"lazy\" class=\"size-full wp-image-2023 aligncenter\" src=\"https:\/\/isfdarienti-ers.infd.edu.ar\/sitio\/wp-content\/uploads\/2019\/02\/Profesorado.png\" alt=\"\" width=\"627\" height=\"212\" \/><\/p>\n<p>&nbsp;<\/p>\n","protected":false},"excerpt":{"rendered":"<p>DOCUMENTACI\u00d3N PARA PRESENTAR Fotocopia autenticada de T\u00edtulo Original &#8211; Constancia de t\u00edtulo en tr\u00e1mite &#8211; Constancia de alumno regular de \u00faltimo a\u00f1o de escuela secundaria. Fotocopia de D.N.I. Fotocopia de CUIL. Certificado de buena salud. Una (1) Carpeta marr\u00f3n con el\u00e1stico + una etiqueta. Dos (2) Fotos carnet 4 x 4. Planilla de inscripci\u00f3n Resoluci\u00f3n &#8230; <a title=\"Requisitos para Inscripci\u00f3n\" class=\"read-more\" href=\"https:\/\/isfdarienti-ers.infd.edu.ar\/sitio\/requisitos-para-inscripcion\/\" aria-label=\"More on Requisitos para Inscripci\u00f3n\">[+]<\/a><\/p>\n","protected":false},"author":15,"featured_media":0,"parent":0,"menu_order":0,"comment_status":"closed","ping_status":"closed","template":"","meta":[],"acf":[],"_links":{"self":[{"href":"https:\/\/isfdarienti-ers.infd.edu.ar\/sitio\/wp-json\/wp\/v2\/pages\/1444"}],"collection":[{"href":"https:\/\/isfdarienti-ers.infd.edu.ar\/sitio\/wp-json\/wp\/v2\/pages"}],"about":[{"href":"https:\/\/isfdarienti-ers.infd.edu.ar\/sitio\/wp-json\/wp\/v2\/types\/page"}],"author":[{"embeddable":true,"href":"https:\/\/isfdarienti-ers.infd.edu.ar\/sitio\/wp-json\/wp\/v2\/users\/15"}],"replies":[{"embeddable":true,"href":"https:\/\/isfdarienti-ers.infd.edu.ar\/sitio\/wp-json\/wp\/v2\/comments?post=1444"}],"version-history":[{"count":3,"href":"https:\/\/isfdarienti-ers.infd.edu.ar\/sitio\/wp-json\/wp\/v2\/pages\/1444\/revisions"}],"predecessor-version":[{"id":2039,"href":"https:\/\/isfdarienti-ers.infd.edu.ar\/sitio\/wp-json\/wp\/v2\/pages\/1444\/revisions\/2039"}],"wp:attachment":[{"href":"https:\/\/isfdarienti-ers.infd.edu.ar\/sitio\/wp-json\/wp\/v2\/media?parent=1444"}],"curies":[{"name":"wp","href":"https:\/\/api.w.org\/{rel}","templated":true}]}}