{"id":1454,"date":"2018-06-29T20:27:25","date_gmt":"2018-06-29T23:27:25","guid":{"rendered":"https:\/\/isfdarienti-ers.infd.edu.ar\/sitio\/capacitaciones\/"},"modified":"2022-03-15T20:34:51","modified_gmt":"2022-03-15T23:34:51","slug":"notificaciones","status":"publish","type":"page","link":"https:\/\/isfdarienti-ers.infd.edu.ar\/sitio\/notificaciones\/","title":{"rendered":"Noticias Alumnos"},"content":{"rendered":"\n<p class=\"has-text-align-center\">INSTITUTO SUPERIOR PARA LA FORMACI\u00d3N DOCENTE<br>\u201cDr. LUIS ALBERTO ESTEBAN ARIENTI\u201d \u2013 CUE 3001643- ANTELO 625 \u2013 3180 FEDERAL<br>TEL\u00c9FONO: 03454-421045 \u2013 CORREO ELECTR\u00d3NICO: profesoradoarienti@yahoo.com.ar<\/p>\n\n\n\n<p>La Rector\u00eda del ISFD \u201cDr. Luis Arienti\u201d, convoca a presentarse en la Instituci\u00f3n, con car\u00e1cter de urgente, para el mi\u00e9rcoles 16 de marzo de 18.30 a 19.30 horas a las siguientes personas, por tr\u00e1mites de su inter\u00e9s:<\/p>\n\n\n<p>1. Ava, Luna Mar\u00eda<br \/>2. Rocha, Brisa Am\u00e9rica<br \/>3. Lozano, Jessica Viviana<br \/>4. Iglesias, Florencia Melina<br \/>5. Vega, Paola Noel<br \/>6. Arguello, Alexis Brian Alejandro<br \/>7. Duarte, Marcelo Javier<br \/>8. Leiva, Jesica Daiana<br \/>9. Altamirano, M\u00f3nica <br \/>10. Garita, Karen Dalma <br \/>11. Machado, Angie <br \/>12. Gauna, Yamina Leticia<br \/>13. Leiva, Fabi\u00e1n Nahuel<br \/>14. Gallegos, \u00c9rica Valeria<br \/>15. Bonomi, Vanesa Alejandra<br \/>16. Acu\u00f1a Dewald, Natanael<br \/>17. Vega, Lorena Silvana<br \/>18. Berta, Mar\u00eda Bel\u00e9n <br \/>19. Pereyra, Schrott Roc\u00edo<br \/>20. D\u00edaz, Claudia Dominga<br \/>21. Godoy, Zunilda Soledad<br \/>22. B\u00e1ez, Jesica Viviana <br \/>23. Juarez, Denise Daiana<br \/>24. Mendoza, Stella <br \/>25. Fleitas, Agust\u00edn Alejandro<\/p>\n\n\n<p><strong><span class=\"has-inline-color has-vivid-green-cyan-color\">ISFD \u00abDr. Lu\u00eds Arienti\u00bb<\/span><\/strong><\/p>\n","protected":false},"excerpt":{"rendered":"<p>INSTITUTO SUPERIOR PARA LA FORMACI\u00d3N DOCENTE\u201cDr. LUIS ALBERTO ESTEBAN ARIENTI\u201d \u2013 CUE 3001643- ANTELO 625 \u2013 3180 FEDERALTEL\u00c9FONO: 03454-421045 \u2013 CORREO ELECTR\u00d3NICO: profesoradoarienti@yahoo.com.ar La Rector\u00eda del ISFD \u201cDr. Luis Arienti\u201d, convoca a presentarse en la Instituci\u00f3n, con car\u00e1cter de urgente, para el mi\u00e9rcoles 16 de marzo de 18.30 a 19.30 horas a las siguientes personas, &#8230; <a title=\"Noticias Alumnos\" class=\"read-more\" href=\"https:\/\/isfdarienti-ers.infd.edu.ar\/sitio\/notificaciones\/\" aria-label=\"More on Noticias Alumnos\">[+]<\/a><\/p>\n","protected":false},"author":83,"featured_media":0,"parent":0,"menu_order":0,"comment_status":"closed","ping_status":"closed","template":"","meta":[],"acf":[],"_links":{"self":[{"href":"https:\/\/isfdarienti-ers.infd.edu.ar\/sitio\/wp-json\/wp\/v2\/pages\/1454"}],"collection":[{"href":"https:\/\/isfdarienti-ers.infd.edu.ar\/sitio\/wp-json\/wp\/v2\/pages"}],"about":[{"href":"https:\/\/isfdarienti-ers.infd.edu.ar\/sitio\/wp-json\/wp\/v2\/types\/page"}],"author":[{"embeddable":true,"href":"https:\/\/isfdarienti-ers.infd.edu.ar\/sitio\/wp-json\/wp\/v2\/users\/83"}],"replies":[{"embeddable":true,"href":"https:\/\/isfdarienti-ers.infd.edu.ar\/sitio\/wp-json\/wp\/v2\/comments?post=1454"}],"version-history":[{"count":9,"href":"https:\/\/isfdarienti-ers.infd.edu.ar\/sitio\/wp-json\/wp\/v2\/pages\/1454\/revisions"}],"predecessor-version":[{"id":2782,"href":"https:\/\/isfdarienti-ers.infd.edu.ar\/sitio\/wp-json\/wp\/v2\/pages\/1454\/revisions\/2782"}],"wp:attachment":[{"href":"https:\/\/isfdarienti-ers.infd.edu.ar\/sitio\/wp-json\/wp\/v2\/media?parent=1454"}],"curies":[{"name":"wp","href":"https:\/\/api.w.org\/{rel}","templated":true}]}}