{"id":2040,"date":"2019-02-18T21:23:18","date_gmt":"2019-02-19T00:23:18","guid":{"rendered":"https:\/\/isfdarienti-ers.infd.edu.ar\/sitio\/?page_id=2040"},"modified":"2026-02-28T06:32:46","modified_gmt":"2026-02-28T09:32:46","slug":"documentacion_a_presentar","status":"publish","type":"page","link":"https:\/\/isfdarienti-ers.infd.edu.ar\/sitio\/documentacion_a_presentar\/","title":{"rendered":"Documentaci\u00f3n a Presentar"},"content":{"rendered":"<div class=\"wp-block-image\">\n<figure class=\"aligncenter size-full\"><img decoding=\"async\" loading=\"lazy\" width=\"900\" height=\"300\" src=\"https:\/\/isfdarienti-ers.infd.edu.ar\/sitio\/wp-content\/uploads\/2026\/02\/Portada-2026.png\" alt=\"\" class=\"wp-image-3387\" srcset=\"https:\/\/isfdarienti-ers.infd.edu.ar\/sitio\/wp-content\/uploads\/2026\/02\/Portada-2026.png 900w, https:\/\/isfdarienti-ers.infd.edu.ar\/sitio\/wp-content\/uploads\/2026\/02\/Portada-2026-768x256.png 768w\" sizes=\"(max-width: 900px) 100vw, 900px\" \/><\/figure><\/div>\n\n<h3><img decoding=\"async\" loading=\"lazy\" class=\"wp-image-2433 aligncenter\" src=\"https:\/\/isfdarienti-ers.infd.edu.ar\/sitio\/wp-content\/uploads\/2020\/09\/Separador.png\" alt=\"\" width=\"554\" height=\"36\" \/><\/h3>\n<h3 style=\"text-align: center;\"><strong><span style=\"color: #800000;\">Documentaci\u00f3n requerida para la Inscripci\u00f3n a las carreras ciclo lectivo 2026<\/span><\/strong><\/h3>\n<pre><span style=\"color: #ff0000;\"><strong>Es requisito para la inscripci\u00f3n definitiva haber realizado la pre-inscripci\u00f3n.<\/strong><\/span><\/pre>\n<p><strong><span style=\"color: #800000;\">Documentaci\u00f3n a presentar:<\/span><\/strong><\/p>\n<ul>\n<li>Formulario de Inscripci\u00f3n Res. 0249\/24 <strong>(Completo y firmado). <\/strong><em>Ac\u00e1 podes descargar el formulario, <a href=\"https:\/\/isfdarienti-ers.infd.edu.ar\/sitio\/wp-content\/uploads\/2025\/02\/Formulario-de-inscripcion-Res.0249-24.pdf\" target=\"_blank\" rel=\"noopener\">Formulario de inscripci\u00f3n Res.0249-24<\/a><\/em><\/li>\n<li>Fotocopia autenticada de T\u00edtulo \/ Certificado de Nivel Medio o Constancia Original de t\u00edtulo en tr\u00e1mite.\u00a0<\/li>\n<li>Copia de DNI (ambas caras).<\/li>\n<li>Copia de Acta de nacimiento.<\/li>\n<li>Constancia de CUIL.<\/li>\n<li>Una (1) Fotos carnet 4 x 4.\u00a0Carpeta marr\u00f3n de tres solapas y etiqueta.\u00a0Certificado de Situaciones particulares en relaci\u00f3n con la salud (certificados, informes).<\/li>\n<li>Contar con un correo de <strong>Gmail.<\/strong><\/li>\n<\/ul>\n<p><strong><span style=\"color: #ff0000;\">Fecha de entrega: Documentaci\u00f3n Completa<\/span><\/strong><\/p>\n<p><em><strong>Profesorado en Educaci\u00f3n Primaria. A confirmar<\/strong><\/em><\/p>\n<p><strong>Para tener en cuenta: <span style=\"color: #800000;\">Solo se RECEPCIONAR\u00c1 DOCUMENTACI\u00d3N COMPLETA.<\/span><\/strong><\/p>\n<h6 style=\"text-align: left;\"><strong><span style=\"color: #339966;\">I.S.F.D. \u00abDr. Lu\u00eds Arienti\u00bb<\/span><\/strong><\/h6>\n<h3><img decoding=\"async\" loading=\"lazy\" class=\"wp-image-2433 aligncenter\" src=\"https:\/\/isfdarienti-ers.infd.edu.ar\/sitio\/wp-content\/uploads\/2020\/09\/Separador.png\" alt=\"\" width=\"554\" height=\"36\" \/><\/h3>","protected":false},"excerpt":{"rendered":"<p>Documentaci\u00f3n requerida para la Inscripci\u00f3n a las carreras ciclo lectivo 2026 Es requisito para la inscripci\u00f3n definitiva haber realizado la pre-inscripci\u00f3n. Documentaci\u00f3n a presentar: Formulario de Inscripci\u00f3n Res. 0249\/24 (Completo y firmado). Ac\u00e1 podes descargar el formulario, Formulario de inscripci\u00f3n Res.0249-24 Fotocopia autenticada de T\u00edtulo \/ Certificado de Nivel Medio o Constancia Original de t\u00edtulo &#8230; <a title=\"Documentaci\u00f3n a Presentar\" class=\"read-more\" href=\"https:\/\/isfdarienti-ers.infd.edu.ar\/sitio\/documentacion_a_presentar\/\" aria-label=\"More on Documentaci\u00f3n a Presentar\">[+]<\/a><\/p>\n","protected":false},"author":7,"featured_media":0,"parent":0,"menu_order":0,"comment_status":"closed","ping_status":"closed","template":"","meta":[],"acf":[],"_links":{"self":[{"href":"https:\/\/isfdarienti-ers.infd.edu.ar\/sitio\/wp-json\/wp\/v2\/pages\/2040"}],"collection":[{"href":"https:\/\/isfdarienti-ers.infd.edu.ar\/sitio\/wp-json\/wp\/v2\/pages"}],"about":[{"href":"https:\/\/isfdarienti-ers.infd.edu.ar\/sitio\/wp-json\/wp\/v2\/types\/page"}],"author":[{"embeddable":true,"href":"https:\/\/isfdarienti-ers.infd.edu.ar\/sitio\/wp-json\/wp\/v2\/users\/7"}],"replies":[{"embeddable":true,"href":"https:\/\/isfdarienti-ers.infd.edu.ar\/sitio\/wp-json\/wp\/v2\/comments?post=2040"}],"version-history":[{"count":57,"href":"https:\/\/isfdarienti-ers.infd.edu.ar\/sitio\/wp-json\/wp\/v2\/pages\/2040\/revisions"}],"predecessor-version":[{"id":3388,"href":"https:\/\/isfdarienti-ers.infd.edu.ar\/sitio\/wp-json\/wp\/v2\/pages\/2040\/revisions\/3388"}],"wp:attachment":[{"href":"https:\/\/isfdarienti-ers.infd.edu.ar\/sitio\/wp-json\/wp\/v2\/media?parent=2040"}],"curies":[{"name":"wp","href":"https:\/\/api.w.org\/{rel}","templated":true}]}}