{"id":2333,"date":"2020-04-29T20:10:29","date_gmt":"2020-04-29T23:10:29","guid":{"rendered":"https:\/\/isfdarienti-ers.infd.edu.ar\/sitio\/?page_id=2333"},"modified":"2022-07-07T21:51:59","modified_gmt":"2022-07-08T00:51:59","slug":"sabias-que","status":"publish","type":"page","link":"https:\/\/isfdarienti-ers.infd.edu.ar\/sitio\/sabias-que\/","title":{"rendered":"Programa Leer"},"content":{"rendered":"<p><img decoding=\"async\" loading=\"lazy\" class=\"alignnone size-full wp-image-2472 aligncenter\" src=\"https:\/\/isfdarienti-ers.infd.edu.ar\/sitio\/wp-content\/uploads\/2021\/02\/Profesorado-imagen-editada-2021.png\" alt=\"\" width=\"627\" height=\"212\" \/><\/p>\n<p><\/p>\n<figure class=\"wp-block-image size-large is-resized\"><img decoding=\"async\" loading=\"lazy\" class=\"wp-image-2872 aligncenter\" src=\"https:\/\/isfdarienti-ers.infd.edu.ar\/sitio\/wp-content\/uploads\/2022\/07\/a-leer-portada.png\" alt=\"\" width=\"499\" height=\"273\" srcset=\"https:\/\/isfdarienti-ers.infd.edu.ar\/sitio\/wp-content\/uploads\/2022\/07\/a-leer-portada.png 1022w, https:\/\/isfdarienti-ers.infd.edu.ar\/sitio\/wp-content\/uploads\/2022\/07\/a-leer-portada-1000x547.png 1000w, https:\/\/isfdarienti-ers.infd.edu.ar\/sitio\/wp-content\/uploads\/2022\/07\/a-leer-portada-768x420.png 768w\" sizes=\"(max-width: 499px) 100vw, 499px\" \/><\/figure>\n<p>El Consejo General de Educaci\u00f3n a trav\u00e9s de la Direcci\u00f3n de Educaci\u00f3n Primaria present\u00f3\u00a0<strong>ALEER Alfabetizaci\u00f3n, lectura y escritura Entre R\u00edos<\/strong>, un programa para ofrecer un alto grado de alfabetizaci\u00f3n a estudiantes entrerrianos de primer y segundo grados de la escuela primaria.<\/p>\n<p>La propuesta de\u00a0<strong>Nueva Escuela<\/strong>\u00a0se implementar\u00e1 durante el per\u00edodo 2022-2023 en todo el territorio provincial y ofrecer\u00e1 un alto grado de alfabetizaci\u00f3n que alcanzar\u00e1 a:<\/p>\n<ul>\n<li>320 escuelas primarias de 1\u00aa, 2\u00aa y 3\u00aa categor\u00edas<\/li>\n<li>30.600 estudiantes de 1\u00ba y 2\u00ba grados<\/li>\n<li>1800 docentes, equipos directivos y supervisiones<\/li>\n<\/ul>\n<p>El objetivo es que los estudiantes logren el dominio de la lectura y de la escritura en el primer ciclo de la escuela primaria, independientemente de su origen socioecon\u00f3mico. Esto implica aprender a leer y escribir palabras, descubrir el principio alfab\u00e9tico de funcionamiento del sistema, as\u00ed como comprender y producir textos orales y escritos.<\/p>\n<p>ALEER se enmarca dentro de un enfoque equilibrado de ense\u00f1anza, que aborda los componentes del proceso de alfabetizaci\u00f3n, el dominio del sistema de escritura y el trabajo con textos orales y escritos. Adem\u00e1s sugiere c\u00f3mo trabajar con cada uno de ellos y c\u00f3mo articularlos.<\/p>\n<p>Es un programa dise\u00f1ado para ofrecer espacios de formaci\u00f3n a maestras y maestros para discutir y adecuar la propuesta a su realidad. Asimismo, incluye materiales para estudiantes y docentes, sugerencias de actividades, estrategias de apoyo y acompa\u00f1amiento profesional.<\/p>\n<h6><strong>Presentaci\u00f3n<\/strong><\/h6>\n<p>En el sal\u00f3n auditorio General San Mart\u00edn del CGE, presentaron el programa Mart\u00edn M\u00fcller, director general de escuelas de Entre R\u00edos; Mabel Creolani, directora de Educaci\u00f3n Primaria y Beatriz Diux, creadora de la propuesta DALE (Derecho a aprender, a leer y a escribir) e investigadora del CONICET.<\/p>\n<p>Acompa\u00f1aron Griselda Di Lello y Humberto Javier Jos\u00e9, vocales; Adela Ram\u00edrez, directora departamental de escuelas de Paran\u00e1; Patricia L\u00f3pez, directora de Educaci\u00f3n Inicial; Patricia Palleiro, directora de Educaci\u00f3n de Gesti\u00f3n Privada; Bel\u00e9n Garc\u00eda Paz, directora de Educaci\u00f3n Especial, Beatriz Vitali, subdirectora de Educaci\u00f3n Primaria y supervisiones del nivel de diferentes departamentos de la provincia.<\/p>\n<h6 dir=\"ltr\"><strong>Nueva Escuela | Nuevo Consejo<\/strong><\/h6>\n<p dir=\"ltr\">Los ejes estrat\u00e9gicos son la educaci\u00f3n y el trabajo, la formaci\u00f3n docente, la educaci\u00f3n digital, la gesti\u00f3n de la informaci\u00f3n y la gesti\u00f3n interna. Con Nueva Escuela y Nuevo Consejo, el CGE busca trabajar acorde a las demandas del actual contexto. Una nueva escuela inclusiva, que tenga en cuenta los intereses y prop\u00f3sitos de las nuevas generaciones. Y un nuevo Consejo General de Educaci\u00f3n, modernizado en su funcionamiento y estructura.<\/p>\n<p>En el siguiente enlace de drive, encontrar\u00e1n all\u00ed dos carpetas: una con materiales espec\u00edfico para docentes (en el documento Orientaciones te\u00f3ricas al final encontrar\u00e1n bibliograf\u00eda ampliatoria) y la otra con materiales para los alumnos (en esta se encuentra el material principal y materiales complementarios que se env\u00edan a los docentes y a las familias).<\/p>\n<p dir=\"ltr\"><a href=\"https:\/\/drive.google.com\/drive\/folders\/13DOF0LZwLhSY_ZlrIU3VuOoMR7To2krI\">https:\/\/drive.google.com\/drive\/folders\/13DOF0LZwLhSY_ZlrIU3VuOoMR7To2krI<\/a><\/p>\n<p dir=\"ltr\"><img decoding=\"async\" loading=\"lazy\" class=\"wp-image-2872 aligncenter\" src=\"https:\/\/isfdarienti-ers.infd.edu.ar\/sitio\/wp-content\/uploads\/2022\/07\/a-leer-portada.png\" alt=\"\" width=\"400\" height=\"219\" srcset=\"https:\/\/isfdarienti-ers.infd.edu.ar\/sitio\/wp-content\/uploads\/2022\/07\/a-leer-portada.png 1022w, https:\/\/isfdarienti-ers.infd.edu.ar\/sitio\/wp-content\/uploads\/2022\/07\/a-leer-portada-1000x547.png 1000w, https:\/\/isfdarienti-ers.infd.edu.ar\/sitio\/wp-content\/uploads\/2022\/07\/a-leer-portada-768x420.png 768w\" sizes=\"(max-width: 400px) 100vw, 400px\" \/><\/p>\n<p dir=\"ltr\">\u00a0<\/p>\n<p><\/p>\n<h2 style=\"text-align: center;\"><strong><span style=\"color: #993366;\">\u00abPLANTAMOS MEMORIA\u00bb<\/span><\/strong><\/h2>\n<h4 style=\"text-align: center;\"><span style=\"color: #000000;\">\u00abEste 24 de marzo, sembremos 30.000 \u00e1rboles por las 30.000 v\u00edctimas del terrorismo de estado de la dictadura C\u00edvico-Militar-Eclesi\u00e1stica\u00bb.<\/span><\/h4>\n<h4>El ISFD \u00abDr. Lu\u00eds Arienti, se suma a la iniciativa de plantar un \u00e1rbol.<\/h4>\n<p style=\"text-align: center;\"><iframe loading=\"lazy\" title=\"YouTube video player\" src=\"https:\/\/www.youtube.com\/embed\/RqzrF_zq1So\" width=\"560\" height=\"315\" frameborder=\"0\" allowfullscreen=\"allowfullscreen\"><\/iframe><\/p>\n<hr \/>\n<p style=\"text-align: center;\"><iframe loading=\"lazy\" src=\"https:\/\/www.youtube.com\/embed\/HK1lOD3msHs\" width=\"560\" height=\"315\" frameborder=\"0\" allowfullscreen=\"allowfullscreen\"><\/iframe><\/p>\n<hr \/>\n<p style=\"text-align: right;\"><em>Material aportado por las Profesoras: Franco Mar\u00eda del Rosario<\/em><\/p>\n<p style=\"text-align: right;\"><em>Molares Mar\u00eda del Carmen<\/em><\/p>\n<p>El contexto actual nos exige, como Instituto Formador, hacer foco en temas sensibles como lo son la violencia de g\u00e9nero y la violencia familiar en tiempos de aislamiento social obligatorio. Es por este motivo que nos convocamos, como Equipo Institucional de G\u00e9nero y DDHH, para dar a conocer a nuestra comunidad educativa, informaci\u00f3n sobre la tem\u00e1tica y los canales de comunicaci\u00f3n para realizar las denuncias pertinentes. Los siguientes documentos dan a conocer un resumen normativo y los canales de comunicaci\u00f3n.<\/p>\n<p>Formulario Web de Denuncia de Violencia Familiar y\/o Violencia Contra la Mujer.\u00a0 <a href=\"https:\/\/forms.gle\/hyxURJBceDqeSjGt9\" target=\"_blank\" rel=\"noopener\">CLICK AQU\u00cd<\/a><\/p>\n<p>\u201cLey de protecci\u00f3n integral para prevenir, sancionar y erradicar la violencia contra las mujeres en los \u00e1mbitos en que desarrollen sus relaciones interpersonales\u201d Archivo en PDF.\u00a0<a href=\"https:\/\/isfdarienti-ers.infd.edu.ar\/sitio\/wp-content\/uploads\/2020\/04\/Ley-26485.pdf\" target=\"_blank\" rel=\"noopener\">Ley 26485<\/a> Formato del archivo en Power Point\u00a0<a href=\"https:\/\/isfdarienti-ers.infd.edu.ar\/sitio\/wp-content\/uploads\/2020\/04\/Ley-26485.pptx\" target=\"_blank\" rel=\"noopener\">Ley 26485<\/a><\/p>\n<p>Archivo de acceso al formulario de denuncias. Formato PDF\u00a0<a href=\"https:\/\/isfdarienti-ers.infd.edu.ar\/sitio\/wp-content\/uploads\/2020\/04\/Link-formulario.pdf\" target=\"_blank\" rel=\"noopener\">Link formulario<\/a>\u00a0 Formato de Power Point.\u00a0<a href=\"https:\/\/isfdarienti-ers.infd.edu.ar\/sitio\/wp-content\/uploads\/2020\/04\/Link-formulario.pptx\" target=\"_blank\" rel=\"noopener\">Link formulario<\/a><\/p>\n<p>Canales de denuncias local. Formato en PDF\u00a0<a href=\"https:\/\/isfdarienti-ers.infd.edu.ar\/sitio\/wp-content\/uploads\/2020\/04\/Mariposas.pdf\" target=\"_blank\" rel=\"noopener\">Mariposas<\/a>\u00a0Formato en Power Point.\u00a0<a href=\"https:\/\/isfdarienti-ers.infd.edu.ar\/sitio\/wp-content\/uploads\/2020\/04\/Mariposas.pptx\" target=\"_blank\" rel=\"noopener\">Mariposas<\/a><\/p>\n<p>Violencia de G\u00e9nero y Covid-19 Formato en PDF\u00a0<a href=\"https:\/\/isfdarienti-ers.infd.edu.ar\/sitio\/wp-content\/uploads\/2020\/04\/VG-y-Covid-19.pdf\" target=\"_blank\" rel=\"noopener\">VG y Covid-19<\/a>\u00a0Formato en Power Point.\u00a0<a href=\"https:\/\/isfdarienti-ers.infd.edu.ar\/sitio\/wp-content\/uploads\/2020\/04\/VG-y-Covid-19.pptx\" target=\"_blank\" rel=\"noopener\">VG y Covid-19<\/a><\/p>\n<p><img decoding=\"async\" loading=\"lazy\" class=\"alignnone size-full wp-image-2346 aligncenter\" src=\"https:\/\/isfdarienti-ers.infd.edu.ar\/sitio\/wp-content\/uploads\/2020\/04\/mano-violeta.jpg\" alt=\"\" width=\"400\" height=\"400\" \/><\/p>\n<p>\u00a0<\/p>\n\n\n<p><\/p>\n","protected":false},"excerpt":{"rendered":"<p>\u00abPLANTAMOS MEMORIA\u00bb \u00abEste 24 de marzo, sembremos 30.000 \u00e1rboles por las 30.000 v\u00edctimas del terrorismo de estado de la dictadura C\u00edvico-Militar-Eclesi\u00e1stica\u00bb. El ISFD \u00abDr. Lu\u00eds Arienti, se suma a la iniciativa de plantar un \u00e1rbol. Material aportado por las Profesoras: Franco Mar\u00eda del Rosario Molares Mar\u00eda del Carmen El contexto actual nos exige, como Instituto &#8230; <a title=\"Programa Leer\" class=\"read-more\" href=\"https:\/\/isfdarienti-ers.infd.edu.ar\/sitio\/sabias-que\/\" aria-label=\"More on Programa Leer\">[+]<\/a><\/p>\n","protected":false},"author":83,"featured_media":0,"parent":0,"menu_order":0,"comment_status":"closed","ping_status":"closed","template":"","meta":[],"acf":[],"_links":{"self":[{"href":"https:\/\/isfdarienti-ers.infd.edu.ar\/sitio\/wp-json\/wp\/v2\/pages\/2333"}],"collection":[{"href":"https:\/\/isfdarienti-ers.infd.edu.ar\/sitio\/wp-json\/wp\/v2\/pages"}],"about":[{"href":"https:\/\/isfdarienti-ers.infd.edu.ar\/sitio\/wp-json\/wp\/v2\/types\/page"}],"author":[{"embeddable":true,"href":"https:\/\/isfdarienti-ers.infd.edu.ar\/sitio\/wp-json\/wp\/v2\/users\/83"}],"replies":[{"embeddable":true,"href":"https:\/\/isfdarienti-ers.infd.edu.ar\/sitio\/wp-json\/wp\/v2\/comments?post=2333"}],"version-history":[{"count":9,"href":"https:\/\/isfdarienti-ers.infd.edu.ar\/sitio\/wp-json\/wp\/v2\/pages\/2333\/revisions"}],"predecessor-version":[{"id":2874,"href":"https:\/\/isfdarienti-ers.infd.edu.ar\/sitio\/wp-json\/wp\/v2\/pages\/2333\/revisions\/2874"}],"wp:attachment":[{"href":"https:\/\/isfdarienti-ers.infd.edu.ar\/sitio\/wp-json\/wp\/v2\/media?parent=2333"}],"curies":[{"name":"wp","href":"https:\/\/api.w.org\/{rel}","templated":true}]}}