{"id":2442,"date":"2025-02-12T18:45:33","date_gmt":"2025-02-12T21:45:33","guid":{"rendered":"https:\/\/isfdarienti-ers.infd.edu.ar\/sitio\/?page_id=2442"},"modified":"2026-02-12T20:20:42","modified_gmt":"2026-02-12T23:20:42","slug":"inscripciones-2025","status":"publish","type":"page","link":"https:\/\/isfdarienti-ers.infd.edu.ar\/sitio\/inscripciones-2025\/","title":{"rendered":"Inscripciones Mesas"},"content":{"rendered":"<div class=\"wp-block-image\">\n<figure class=\"aligncenter size-full is-resized\"><img decoding=\"async\" loading=\"lazy\" src=\"https:\/\/isfdarienti-ers.infd.edu.ar\/sitio\/wp-content\/uploads\/2025\/02\/Portada-2025.png\" alt=\"\" class=\"wp-image-3209\" width=\"595\" height=\"198\" srcset=\"https:\/\/isfdarienti-ers.infd.edu.ar\/sitio\/wp-content\/uploads\/2025\/02\/Portada-2025.png 900w, https:\/\/isfdarienti-ers.infd.edu.ar\/sitio\/wp-content\/uploads\/2025\/02\/Portada-2025-768x256.png 768w\" sizes=\"(max-width: 595px) 100vw, 595px\" \/><\/figure><\/div>\n\n\n<h5 class=\"wp-block-heading has-text-align-center has-text-color\" style=\"color:#212121\"><img decoding=\"async\" loading=\"lazy\" width=\"431\" height=\"28\" class=\" wp-image-2433 aligncenter\" src=\"https:\/\/isfdarienti-ers.infd.edu.ar\/sitio\/wp-content\/uploads\/2020\/09\/Separador.png\" alt=\"\"><\/h5>\n\n\n\n<p class=\"has-text-align-center has-contrast-color has-text-color\"><strong>El ISFD \u00abDr. Lu\u00eds Arienti\u00bb informa que la inscripci\u00f3n a mesas evaluadoras ordinarias turno febrero-marzo 2026<\/strong>.<\/p>\n\n\n\n<p class=\"has-text-align-center has-contrast-color has-contrast-3-background-color has-text-color has-background has-medium-font-size\"><strong>Se informa que la inscripci\u00f3n a las mismas estar\u00e1 habilitada durante los d\u00edas 16 y 17 de febrero en esta p\u00e1gina del ISFD. Ante cualquier dudas y\/o dificultades solo podr\u00e1n presentarse en el Instituto el d\u00eda 18\/02 para resolver dificultades vinculadas a la inscripci\u00f3n. Fuera de esa fecha, no se recepcionar\u00e1 ning\u00fan reclamo y\/ o pedido de incorporaci\u00f3n a mesas. Se ruega prestar atenci\u00f3n a la misma.<\/strong><\/p>\n\n\n\n<p>Teniendo en cuenta el art\u00edculo 44 del R\u00e9gimen Acad\u00e9mico Marco 0249\/24 del CGE, se recuerda que solo podr\u00e1n rendir en un (1) llamado por asignatura, del cu\u00e1l deber\u00e1n elegir si es en el 1ero o 2do llamado. Recuerden que el formulario de inscripci\u00f3n s\u00f3lo se habilita los d\u00edas establecidos para la inscripci\u00f3n.<\/p>\n\n\n<div class=\"wp-block-image is-style-default\">\n<figure class=\"aligncenter is-resized\"><img decoding=\"async\" loading=\"lazy\" src=\"https:\/\/svgsilh.com\/png\/309678-3f51b5.png\" alt=\"\" width=\"176\" height=\"107\"\/><figcaption class=\"wp-element-caption\">Por favor revisar la confirmaci\u00f3n de la inscripci\u00f3n, de no existir, ac\u00e9rcate al profesorado para informar la misma.<\/figcaption><\/figure><\/div>\n\n\n<p><strong>A partir del 2025 las inscripciones a las mesas se realizar\u00e1n:<\/strong><\/p>\n\n\n\n<ul>\n<li>Tildando la\/s asignatura\/s en la\/s que deseen inscribirse, por a\u00f1o de cursado, seleccionando en cada asignatura la condici\u00f3n: libre o regular.<\/li>\n\n\n\n<li><mark style=\"background-color:var(--base)\" class=\"has-inline-color has-contrast-color\"><strong>Se recuerda que para desestimar la inscripci\u00f3n a mesas se debe realizar, 48 hs antes, enviando un e-mail a: profesoradoarientiestudiantes@Gmail.com  <\/strong><\/mark><\/li>\n<\/ul>\n\n\n\n<p><strong>Profesorado de Educaci\u00f3n Primaria:<\/strong><\/p>\n\n\n<div class=\"wp-block-image\">\n<figure class=\"aligncenter is-resized\"><img decoding=\"async\" loading=\"lazy\" src=\"https:\/\/isfdarienti-ers.infd.edu.ar\/sitio\/wp-content\/uploads\/2020\/09\/Manito1.png\" alt=\"\" class=\"wp-image-2436\" width=\"49\" height=\"49\"\/><\/figure><\/div>\n\n\n<p class=\"has-text-align-center\"><strong><span style=\"color: #800000;\">Enlace para inscripci\u00f3n:<\/span><\/strong>\u00a0<a href=\"https:\/\/docs.google.com\/forms\/d\/e\/1FAIpQLScjvKHY70jbJuMmr6KWzFa6DotRNTWjfpSKklb5Av0ZjRB1TA\/viewform?usp=header\" target=\"_blank\" rel=\"noreferrer noopener\">Clic Aqu\u00ed<\/a><\/p>\n\n\n<div class=\"wp-block-image\">\n<figure class=\"aligncenter\"><img decoding=\"async\" loading=\"lazy\" width=\"600\" height=\"39\" src=\"https:\/\/isfdarienti-ers.infd.edu.ar\/sitio\/wp-content\/uploads\/2020\/09\/Separador.png\" alt=\"\" class=\"wp-image-2433\"\/><\/figure><\/div>\n\n\n<p class=\"has-text-align-left\"><strong>Profesorado de Educaci\u00f3n Secundaria en Biolog\u00eda:<\/strong><\/p>\n\n\n<div class=\"wp-block-image\">\n<figure class=\"aligncenter is-resized\"><img decoding=\"async\" loading=\"lazy\" src=\"https:\/\/isfdarienti-ers.infd.edu.ar\/sitio\/wp-content\/uploads\/2020\/09\/Manito1.png\" alt=\"\" class=\"wp-image-2436\" width=\"49\" height=\"49\"\/><\/figure><\/div>\n\n\n<p class=\"has-text-align-center\"><strong><span style=\"color: #800000;\">Enlace para inscripci\u00f3n:<\/span><\/strong><a href=\"https:\/\/forms.gle\/tQt3q2Eh9f8tm3vu9\"> <\/a><a href=\"https:\/\/docs.google.com\/forms\/d\/e\/1FAIpQLScWkJJeZMiMRLiJv4zIANpgWGcbFXXNR2ogBjkth7BbKHLK6A\/viewform?usp=header\" target=\"_blank\" rel=\"noreferrer noopener\">Clic Aqu\u00ed<\/a><\/p>\n\n\n<div class=\"wp-block-image\">\n<figure class=\"aligncenter\"><img decoding=\"async\" loading=\"lazy\" width=\"600\" height=\"39\" src=\"https:\/\/isfdarienti-ers.infd.edu.ar\/sitio\/wp-content\/uploads\/2020\/09\/Separador.png\" alt=\"\" class=\"wp-image-2433\"\/><\/figure><\/div>\n\n\n<p class=\"has-text-align-left\"><strong>Profesorado en Educaci\u00f3n Tecnol\u00f3gica:<\/strong><\/p>\n\n\n<div class=\"wp-block-image\">\n<figure class=\"aligncenter is-resized\"><img decoding=\"async\" loading=\"lazy\" src=\"https:\/\/isfdarienti-ers.infd.edu.ar\/sitio\/wp-content\/uploads\/2020\/09\/Manito1.png\" alt=\"\" class=\"wp-image-2436\" width=\"49\" height=\"49\"\/><\/figure><\/div>\n\n\n<p class=\"has-text-align-center has-contrast-color has-text-color\"><strong><span style=\"color: #800000;\">Enlace para inscripci\u00f3n:<\/span><\/strong>\u00a0<a href=\"https:\/\/docs.google.com\/forms\/d\/e\/1FAIpQLSfBlIP4VHC0NHdVZ0qcumzyTbFMl8sGKiI4VnDJQJkMWNQlIA\/viewform?usp=header\" target=\"_blank\" rel=\"noreferrer noopener\">Clic Aqu\u00ed<\/a><\/p>\n\n\n\n<h3 class=\"wp-block-heading has-text-align-center\"><img decoding=\"async\" loading=\"lazy\" class=\" wp-image-2433 aligncenter\" src=\"https:\/\/isfdarienti-ers.infd.edu.ar\/sitio\/wp-content\/uploads\/2020\/09\/Separador.png\" alt=\"\" width=\"431\" height=\"28\"><\/h3>\n\n\n\n<p><strong>Profesorado de Educaci\u00f3n Secundaria en F\u00edsica:<\/strong><\/p>\n\n\n<div class=\"wp-block-image\">\n<figure class=\"aligncenter is-resized\"><img decoding=\"async\" loading=\"lazy\" src=\"https:\/\/isfdarienti-ers.infd.edu.ar\/sitio\/wp-content\/uploads\/2020\/09\/Manito1.png\" alt=\"\" class=\"wp-image-2436\" width=\"49\" height=\"49\"\/><\/figure><\/div>\n\n\n<p class=\"has-text-align-center has-contrast-color has-text-color\"><strong>Enlace para inscripci\u00f3n:<\/strong> <a href=\"https:\/\/docs.google.com\/forms\/d\/e\/1FAIpQLScJEb3JfVT52ZQEXjgTSkznCg85V-SQ1W0jnnbldVI8eCQ1ew\/viewform?usp=header\" target=\"_blank\" rel=\"noreferrer noopener\">Clic Aqu\u00ed<\/a><\/p>\n\n\n\n<h3 class=\"wp-block-heading has-text-align-center\"><img decoding=\"async\" loading=\"lazy\" width=\"431\" height=\"28\" class=\" wp-image-2433 aligncenter\" src=\"https:\/\/isfdarienti-ers.infd.edu.ar\/sitio\/wp-content\/uploads\/2020\/09\/Separador.png\" alt=\"\"><\/h3>\n\n\n\n<p><strong>Profesorado de Nivel Inicial:<\/strong><\/p>\n\n\n<div class=\"wp-block-image\">\n<figure class=\"aligncenter is-resized\"><img decoding=\"async\" loading=\"lazy\" src=\"https:\/\/isfdarienti-ers.infd.edu.ar\/sitio\/wp-content\/uploads\/2020\/09\/Manito1.png\" alt=\"\" class=\"wp-image-2436\" width=\"49\" height=\"49\"\/><\/figure><\/div>\n\n\n<p class=\"has-text-align-center\"><strong>Enlace para inscripci\u00f3n:<\/strong> <a href=\"https:\/\/docs.google.com\/forms\/d\/e\/1FAIpQLSc3oNSaWq3zEUmqj0RLY63eJfnAI0dQNU5hneneFn3A4CSyUw\/viewform?usp=header\" data-type=\"URL\" data-id=\"https:\/\/forms.gle\/tgdw8voZpgxLK8De8\" target=\"_blank\" rel=\"noreferrer noopener\">Clic Aqu\u00ed<\/a><\/p>\n\n\n\n<h3 class=\"wp-block-heading has-text-align-center\"><img decoding=\"async\" loading=\"lazy\" width=\"431\" height=\"28\" class=\" wp-image-2433 aligncenter\" src=\"https:\/\/isfdarienti-ers.infd.edu.ar\/sitio\/wp-content\/uploads\/2020\/09\/Separador.png\" alt=\"\"><\/h3>\n\n\n\n<p><strong>Tecnicatura Superior en Enfermer\u00eda:<\/strong><\/p>\n\n\n<div class=\"wp-block-image\">\n<figure class=\"aligncenter is-resized\"><img decoding=\"async\" loading=\"lazy\" src=\"https:\/\/isfdarienti-ers.infd.edu.ar\/sitio\/wp-content\/uploads\/2020\/09\/Manito1.png\" alt=\"\" class=\"wp-image-2436\" width=\"49\" height=\"49\"\/><\/figure><\/div>\n\n\n<p class=\"has-text-align-center\"><strong>Enlace para inscripci\u00f3n:<\/strong> <a href=\"https:\/\/docs.google.com\/forms\/d\/e\/1FAIpQLSd71nBUGDBgej8v7VUO5-YwYJuZxpYQhbg4FdGzbZSERG8e0Q\/viewform?usp=header\" target=\"_blank\" rel=\"noreferrer noopener\">Clic Aqu\u00ed<\/a><\/p>\n\n\n\n<p class=\"has-text-align-center\"><img decoding=\"async\" loading=\"lazy\" width=\"431\" height=\"28\" class=\" wp-image-2433 aligncenter\" src=\"https:\/\/isfdarienti-ers.infd.edu.ar\/sitio\/wp-content\/uploads\/2020\/09\/Separador.png\" alt=\"\"><\/p>\n\n\n\n<p><strong>Tecnicatura Superior en Gastronom\u00eda:<\/strong><\/p>\n\n\n<div class=\"wp-block-image\">\n<figure class=\"aligncenter is-resized\"><img decoding=\"async\" loading=\"lazy\" src=\"https:\/\/isfdarienti-ers.infd.edu.ar\/sitio\/wp-content\/uploads\/2020\/09\/Manito1.png\" alt=\"\" class=\"wp-image-2436\" width=\"49\" height=\"49\"\/><\/figure><\/div>\n\n\n<p class=\"has-text-align-center\"><strong>Enlace para inscripci\u00f3n:<\/strong> <a href=\"https:\/\/docs.google.com\/forms\/d\/e\/1FAIpQLScY1Y2k2fOOwqEnQmnthAeBh0zhKDOQDZDnOcNh_ghQmXna0Q\/viewform?usp=header\" target=\"_blank\" rel=\"noreferrer noopener\">Clic Aqu\u00ed<\/a><\/p>\n\n\n\n<p class=\"has-text-align-center\"><img decoding=\"async\" loading=\"lazy\" width=\"431\" height=\"28\" class=\" wp-image-2433 aligncenter\" src=\"https:\/\/isfdarienti-ers.infd.edu.ar\/sitio\/wp-content\/uploads\/2020\/09\/Separador.png\" alt=\"\"><\/p>\n\n\n\n<p><strong>Profesorado en Artes Visuales:<\/strong><\/p>\n\n\n<div class=\"wp-block-image\">\n<figure class=\"aligncenter is-resized\"><img decoding=\"async\" loading=\"lazy\" src=\"https:\/\/isfdarienti-ers.infd.edu.ar\/sitio\/wp-content\/uploads\/2020\/09\/Manito1.png\" alt=\"\" class=\"wp-image-2436\" width=\"49\" height=\"49\"\/><\/figure><\/div>\n\n\n<p class=\"has-text-align-center\"><strong>Enlace para inscripci\u00f3n:<\/strong> <a href=\"https:\/\/docs.google.com\/forms\/d\/e\/1FAIpQLScpeKxHqwICpGhQRcaWToSWg-xH76bBWY9IWjspq9kQ1xgvNw\/viewform?usp=header\" target=\"_blank\" rel=\"noreferrer noopener\">Clic Aqu\u00ed<\/a><\/p>\n\n\n\n<p class=\"has-text-align-center\"><img decoding=\"async\" loading=\"lazy\" width=\"431\" height=\"28\" class=\" wp-image-2433 aligncenter\" src=\"https:\/\/isfdarienti-ers.infd.edu.ar\/sitio\/wp-content\/uploads\/2020\/09\/Separador.png\" alt=\"\"><\/p>\n\n\n\n<p><strong>Profesorado en Econom\u00eda<\/strong><\/p>\n\n\n<div class=\"wp-block-image\">\n<figure class=\"aligncenter is-resized\"><img decoding=\"async\" loading=\"lazy\" src=\"https:\/\/isfdarienti-ers.infd.edu.ar\/sitio\/wp-content\/uploads\/2020\/09\/Manito1.png\" alt=\"\" class=\"wp-image-2436\" width=\"49\" height=\"49\"\/><\/figure><\/div>\n\n\n<p class=\"has-text-align-center\"><strong>Enlace para inscripci\u00f3n:<\/strong> <a href=\"https:\/\/docs.google.com\/forms\/d\/e\/1FAIpQLSdHp4_1n2oLE9B8ChqJ3EQiFR65d2FzGInWpg8mgMMSNYh38A\/viewform?usp=header\" target=\"_blank\" rel=\"noreferrer noopener\">Clic Aqu\u00ed<\/a><\/p>\n\n\n\n<p class=\"has-text-align-center\"><img decoding=\"async\" loading=\"lazy\" width=\"431\" height=\"28\" class=\" wp-image-2433 aligncenter\" src=\"https:\/\/isfdarienti-ers.infd.edu.ar\/sitio\/wp-content\/uploads\/2020\/09\/Separador.png\" alt=\"\"><\/p>\n\n\n\n<p class=\"has-small-font-size\"><mark style=\"background-color:rgba(0, 0, 0, 0)\" class=\"has-inline-color has-vivid-green-cyan-color\"><strong>I.S.F.D. \u00abDr. Luis Arienti\u00bb<\/strong><\/mark><\/p>\n","protected":false},"excerpt":{"rendered":"<p>El ISFD \u00abDr. Lu\u00eds Arienti\u00bb informa que la inscripci\u00f3n a mesas evaluadoras ordinarias turno febrero-marzo 2026. Se informa que la inscripci\u00f3n a las mismas estar\u00e1 habilitada durante los d\u00edas 16 y 17 de febrero en esta p\u00e1gina del ISFD. Ante cualquier dudas y\/o dificultades solo podr\u00e1n presentarse en el Instituto el d\u00eda 18\/02 para resolver &#8230; <a title=\"Inscripciones Mesas\" class=\"read-more\" href=\"https:\/\/isfdarienti-ers.infd.edu.ar\/sitio\/inscripciones-2025\/\" aria-label=\"More on Inscripciones Mesas\">[+]<\/a><\/p>\n","protected":false},"author":83,"featured_media":0,"parent":0,"menu_order":0,"comment_status":"closed","ping_status":"closed","template":"","meta":[],"acf":[],"_links":{"self":[{"href":"https:\/\/isfdarienti-ers.infd.edu.ar\/sitio\/wp-json\/wp\/v2\/pages\/2442"}],"collection":[{"href":"https:\/\/isfdarienti-ers.infd.edu.ar\/sitio\/wp-json\/wp\/v2\/pages"}],"about":[{"href":"https:\/\/isfdarienti-ers.infd.edu.ar\/sitio\/wp-json\/wp\/v2\/types\/page"}],"author":[{"embeddable":true,"href":"https:\/\/isfdarienti-ers.infd.edu.ar\/sitio\/wp-json\/wp\/v2\/users\/83"}],"replies":[{"embeddable":true,"href":"https:\/\/isfdarienti-ers.infd.edu.ar\/sitio\/wp-json\/wp\/v2\/comments?post=2442"}],"version-history":[{"count":87,"href":"https:\/\/isfdarienti-ers.infd.edu.ar\/sitio\/wp-json\/wp\/v2\/pages\/2442\/revisions"}],"predecessor-version":[{"id":3383,"href":"https:\/\/isfdarienti-ers.infd.edu.ar\/sitio\/wp-json\/wp\/v2\/pages\/2442\/revisions\/3383"}],"wp:attachment":[{"href":"https:\/\/isfdarienti-ers.infd.edu.ar\/sitio\/wp-json\/wp\/v2\/media?parent=2442"}],"curies":[{"name":"wp","href":"https:\/\/api.w.org\/{rel}","templated":true}]}}