{"id":2548,"date":"2021-03-13T17:06:10","date_gmt":"2021-03-13T20:06:10","guid":{"rendered":"https:\/\/isfdarienti-ers.infd.edu.ar\/sitio\/?page_id=2548"},"modified":"2021-03-15T20:35:37","modified_gmt":"2021-03-15T23:35:37","slug":"profesorado-en-educacion-tecnologica","status":"publish","type":"page","link":"https:\/\/isfdarienti-ers.infd.edu.ar\/sitio\/profesorado-en-educacion-tecnologica\/","title":{"rendered":"Profesorado en Educaci\u00f3n Tecnol\u00f3gica"},"content":{"rendered":"<p style=\"text-align: center;\"><strong><span style=\"color: #800000;\">Caja Curricular Profesorado en Educaci\u00f3n Tecnol\u00f3gica Resoluci\u00f3n 4798\/15 CGE<\/span><\/strong><\/p>\n<p><img decoding=\"async\" loading=\"lazy\" class=\"wp-image-2549 aligncenter\" src=\"https:\/\/isfdarienti-ers.infd.edu.ar\/sitio\/wp-content\/uploads\/2021\/03\/Imag1.png\" alt=\"\" width=\"687\" height=\"1021\" \/> <img decoding=\"async\" loading=\"lazy\" class=\"wp-image-2550 aligncenter\" src=\"https:\/\/isfdarienti-ers.infd.edu.ar\/sitio\/wp-content\/uploads\/2021\/03\/imag2.png\" alt=\"\" width=\"688\" height=\"924\" \/> <img decoding=\"async\" loading=\"lazy\" class=\"wp-image-2551 aligncenter\" src=\"https:\/\/isfdarienti-ers.infd.edu.ar\/sitio\/wp-content\/uploads\/2021\/03\/Imag3.png\" alt=\"\" width=\"687\" height=\"975\" \/> <img decoding=\"async\" loading=\"lazy\" class=\"wp-image-2552 aligncenter\" src=\"https:\/\/isfdarienti-ers.infd.edu.ar\/sitio\/wp-content\/uploads\/2021\/03\/Imag4.png\" alt=\"\" width=\"697\" height=\"914\" \/> <img decoding=\"async\" loading=\"lazy\" class=\"size-medium wp-image-2553 aligncenter\" src=\"https:\/\/isfdarienti-ers.infd.edu.ar\/sitio\/wp-content\/uploads\/2021\/03\/Imag5.png\" alt=\"\" width=\"891\" height=\"586\" srcset=\"https:\/\/isfdarienti-ers.infd.edu.ar\/sitio\/wp-content\/uploads\/2021\/03\/Imag5.png 891w, https:\/\/isfdarienti-ers.infd.edu.ar\/sitio\/wp-content\/uploads\/2021\/03\/Imag5-768x505.png 768w\" sizes=\"(max-width: 891px) 100vw, 891px\" \/><\/p>\n<p><img decoding=\"async\" loading=\"lazy\" class=\"alignnone wp-image-2560\" src=\"https:\/\/isfdarienti-ers.infd.edu.ar\/sitio\/wp-content\/uploads\/2021\/03\/Imag1ETCorr.png\" alt=\"\" width=\"689\" height=\"910\" \/><\/p>\n","protected":false},"excerpt":{"rendered":"<p>Caja Curricular Profesorado en Educaci\u00f3n Tecnol\u00f3gica Resoluci\u00f3n 4798\/15 CGE<\/p>\n","protected":false},"author":83,"featured_media":0,"parent":0,"menu_order":0,"comment_status":"closed","ping_status":"closed","template":"","meta":[],"acf":[],"_links":{"self":[{"href":"https:\/\/isfdarienti-ers.infd.edu.ar\/sitio\/wp-json\/wp\/v2\/pages\/2548"}],"collection":[{"href":"https:\/\/isfdarienti-ers.infd.edu.ar\/sitio\/wp-json\/wp\/v2\/pages"}],"about":[{"href":"https:\/\/isfdarienti-ers.infd.edu.ar\/sitio\/wp-json\/wp\/v2\/types\/page"}],"author":[{"embeddable":true,"href":"https:\/\/isfdarienti-ers.infd.edu.ar\/sitio\/wp-json\/wp\/v2\/users\/83"}],"replies":[{"embeddable":true,"href":"https:\/\/isfdarienti-ers.infd.edu.ar\/sitio\/wp-json\/wp\/v2\/comments?post=2548"}],"version-history":[{"count":3,"href":"https:\/\/isfdarienti-ers.infd.edu.ar\/sitio\/wp-json\/wp\/v2\/pages\/2548\/revisions"}],"predecessor-version":[{"id":2562,"href":"https:\/\/isfdarienti-ers.infd.edu.ar\/sitio\/wp-json\/wp\/v2\/pages\/2548\/revisions\/2562"}],"wp:attachment":[{"href":"https:\/\/isfdarienti-ers.infd.edu.ar\/sitio\/wp-json\/wp\/v2\/media?parent=2548"}],"curies":[{"name":"wp","href":"https:\/\/api.w.org\/{rel}","templated":true}]}}