{"id":2819,"date":"2022-04-25T12:12:26","date_gmt":"2022-04-25T15:12:26","guid":{"rendered":"https:\/\/isfdarienti-ers.infd.edu.ar\/sitio\/?page_id=2819"},"modified":"2026-04-20T18:04:13","modified_gmt":"2026-04-20T21:04:13","slug":"proyectos-de-catedras","status":"publish","type":"page","link":"https:\/\/isfdarienti-ers.infd.edu.ar\/sitio\/proyectos-de-catedras\/","title":{"rendered":"PROYECTOS DE C\u00c1TEDRAS"},"content":{"rendered":"\n<p class=\"has-text-align-center has-contrast-color has-pale-ocean-gradient-background has-text-color has-background has-medium-font-size\"><strong>Profesorado Educaci\u00f3n Primaria <\/strong>   <\/p>\n\n\n\n<div class=\"wp-block-buttons is-layout-flex\">\n<div class=\"wp-block-button is-style-outline\"><a class=\"wp-block-button__link has-accent-color has-base-2-background-color has-text-color has-background has-text-align-center wp-element-button\" href=\"https:\/\/drive.google.com\/drive\/folders\/10M5VH1GJIehH6eu2VuSk2tkPoZebDYxp?usp=drive_link\" target=\"_blank\" rel=\"noreferrer noopener\">Clic Aqu\u00ed 1\u00ba A\u00f1o<\/a><\/div>\n\n\n\n<div class=\"wp-block-button is-style-outline\"><a class=\"wp-block-button__link has-accent-color has-base-2-background-color has-text-color has-background has-text-align-center wp-element-button\" href=\"https:\/\/drive.google.com\/drive\/folders\/10M5VH1GJIehH6eu2VuSk2tkPoZebDYxp?usp=drive_link\" target=\"_blank\" rel=\"noreferrer noopener\">Clic Aqu\u00ed 2\u00ba A\u00f1o<\/a><\/div>\n\n\n\n<div class=\"wp-block-button is-style-outline\"><a class=\"wp-block-button__link has-accent-color has-base-2-background-color has-text-color has-background has-text-align-center wp-element-button\" href=\"https:\/\/drive.google.com\/drive\/folders\/10M5VH1GJIehH6eu2VuSk2tkPoZebDYxp?usp=drive_link\" target=\"_blank\" rel=\"noreferrer noopener\">Clic Aqu\u00ed 3\u00ba A\u00f1o<\/a><\/div>\n\n\n\n<div class=\"wp-block-button is-style-outline\"><a class=\"wp-block-button__link has-accent-color has-base-2-background-color has-text-color has-background has-text-align-center wp-element-button\" href=\"https:\/\/drive.google.com\/drive\/folders\/10M5VH1GJIehH6eu2VuSk2tkPoZebDYxp?usp=drive_link\" target=\"_blank\" rel=\"noreferrer noopener\">Clic Aqu\u00ed 4\u00ba A\u00f1o<\/a><\/div>\n<\/div>\n\n\n\n<p class=\"has-text-align-center has-contrast-color has-pale-ocean-gradient-background has-text-color has-background has-medium-font-size\"><strong>Profesorado Educaci\u00f3n Inicial<\/strong><\/p>\n\n\n\n<div class=\"wp-block-buttons is-layout-flex\">\n<div class=\"wp-block-button is-style-outline\"><a class=\"wp-block-button__link has-accent-color has-base-2-background-color has-text-color has-background wp-element-button\" href=\"https:\/\/drive.google.com\/drive\/folders\/1qzVMavCTqQb4F1BgwpL3_Ok3FhWfjxbi?usp=drive_link\" target=\"_blank\" rel=\"noreferrer noopener\">Clic Aqu\u00ed 2\u00ba A\u00f1o<\/a><\/div>\n\n\n\n<div class=\"wp-block-button is-style-outline\"><a class=\"wp-block-button__link has-accent-color has-base-2-background-color has-text-color has-background wp-element-button\" href=\"https:\/\/drive.google.com\/drive\/folders\/1qzVMavCTqQb4F1BgwpL3_Ok3FhWfjxbi?usp=drive_link\" target=\"_blank\" rel=\"noreferrer noopener\">Clic Aqu\u00ed 3\u00ba A\u00f1o<\/a><\/div>\n\n\n\n<div class=\"wp-block-button is-style-outline\"><a class=\"wp-block-button__link has-accent-color has-base-2-background-color has-text-color has-background wp-element-button\" href=\"https:\/\/drive.google.com\/drive\/folders\/1qzVMavCTqQb4F1BgwpL3_Ok3FhWfjxbi?usp=drive_link\" target=\"_blank\" rel=\"noreferrer noopener\">Clic Aqu\u00ed 4\u00ba A\u00f1o<\/a><\/div>\n<\/div>\n\n\n\n<p class=\"has-text-align-center has-pale-ocean-gradient-background has-background has-medium-font-size\"><strong>Profesorado de F\u00edsica<\/strong><\/p>\n\n\n\n<div class=\"wp-block-buttons is-layout-flex\">\n<div class=\"wp-block-button is-style-outline\"><a class=\"wp-block-button__link has-accent-color has-base-2-background-color has-text-color has-background wp-element-button\" href=\"https:\/\/drive.google.com\/drive\/folders\/1Prl-dEh6zwZkJJAeTLqss_G4WfZxGvIz?usp=drive_link\" target=\"_blank\" rel=\"noreferrer noopener\">Clic Aqu\u00ed 2\u00ba A\u00f1o<\/a><\/div>\n\n\n\n<div class=\"wp-block-button is-style-outline\"><a class=\"wp-block-button__link has-accent-color has-base-2-background-color has-text-color has-background wp-element-button\" href=\"https:\/\/drive.google.com\/drive\/folders\/1Prl-dEh6zwZkJJAeTLqss_G4WfZxGvIz?usp=drive_link\" target=\"_blank\" rel=\"noreferrer noopener\">Clic Aqu\u00ed 3\u00ba A\u00f1o<\/a><\/div>\n\n\n\n<div class=\"wp-block-button is-style-outline\"><a class=\"wp-block-button__link has-accent-color has-base-2-background-color has-text-color has-background wp-element-button\" href=\"https:\/\/drive.google.com\/drive\/folders\/1Prl-dEh6zwZkJJAeTLqss_G4WfZxGvIz?usp=drive_link\" target=\"_blank\" rel=\"noreferrer noopener\">Clic Aqu\u00ed 4\u00ba A\u00f1o<\/a><\/div>\n<\/div>\n\n\n\n<p class=\"has-text-align-center has-contrast-color has-pale-ocean-gradient-background has-text-color has-background has-medium-font-size\"><strong>Tecnicatura Superior en Enfermer\u00eda<\/strong><\/p>\n\n\n\n<div class=\"wp-block-buttons is-layout-flex\">\n<div class=\"wp-block-button is-style-outline\"><a class=\"wp-block-button__link has-accent-color has-base-2-background-color has-text-color has-background wp-element-button\" href=\"https:\/\/drive.google.com\/drive\/folders\/1l4PAM8020dwikVWjALUYeikwIHCsiyGG?usp=drive_link\" target=\"_blank\" rel=\"noreferrer noopener\">Clic Aqu\u00ed 2\u00ba A\u00f1o<\/a><\/div>\n\n\n\n<div class=\"wp-block-button is-style-outline\"><a class=\"wp-block-button__link has-accent-color has-base-2-background-color has-text-color has-background wp-element-button\" href=\"https:\/\/drive.google.com\/drive\/folders\/1l4PAM8020dwikVWjALUYeikwIHCsiyGG?usp=sharing\" target=\"_blank\" rel=\"noreferrer noopener\">Clic Aqu\u00ed 3\u00ba A\u00f1o<\/a><\/div>\n<\/div>\n\n\n\n<p class=\"has-text-align-center has-contrast-color has-pale-ocean-gradient-background has-text-color has-background has-medium-font-size\"><strong>Profesorado de Biolog\u00eda<\/strong><\/p>\n\n\n\n<div class=\"wp-block-buttons is-layout-flex\">\n<div class=\"wp-block-button is-style-outline\"><a class=\"wp-block-button__link has-accent-color has-base-2-background-color has-text-color has-background wp-element-button\" href=\"https:\/\/drive.google.com\/drive\/folders\/1G4VSGQbicrXCxXQhHVj-l-AaEmKblBQ6?usp=sharing\" target=\"_blank\" rel=\"noreferrer noopener\">Clic Aqu\u00ed 4\u00ba A\u00f1o<\/a><\/div>\n<\/div>\n\n\n\n<p class=\"has-text-align-center has-contrast-color has-pale-ocean-gradient-background has-text-color has-background has-medium-font-size\"><strong>Profesorado de Tecnolog\u00eda<\/strong><\/p>\n\n\n\n<div class=\"wp-block-buttons is-layout-flex\">\n<div class=\"wp-block-button is-style-outline\"><a class=\"wp-block-button__link has-accent-color has-base-2-background-color has-text-color has-background wp-element-button\" href=\"https:\/\/drive.google.com\/drive\/folders\/1YUDC5xBOh7JAFHd6_J-gKshoRJz_FIzm?usp=sharing\" target=\"_blank\" rel=\"noreferrer noopener\">Clic Aqu\u00ed 4\u00ba A\u00f1o <\/a><\/div>\n<\/div>\n\n\n\n<p class=\"has-text-align-center has-contrast-color has-pale-ocean-gradient-background has-text-color has-background has-medium-font-size\"><strong>Profesorado de Econom\u00eda<\/strong><\/p>\n\n\n\n<div class=\"wp-block-buttons is-layout-flex\">\n<div class=\"wp-block-button is-style-outline\"><a class=\"wp-block-button__link has-accent-color has-base-background-color has-text-color has-background wp-element-button\" href=\"https:\/\/drive.google.com\/drive\/folders\/10UUqnfG345GB0sCPL6JZbp13ydYVbMD7?usp=drive_link\" style=\"border-radius:32px\" target=\"_blank\" rel=\"noreferrer noopener\">Clic Aqu\u00ed 1\u00ba A\u00f1o<\/a><\/div>\n\n\n\n<div class=\"wp-block-button is-style-outline\"><a class=\"wp-block-button__link has-accent-color has-base-background-color has-text-color has-background wp-element-button\" href=\"https:\/\/drive.google.com\/drive\/folders\/1GCWHbh27gxpJBFt2p4KGg5uj6ni54Hkr?usp=drive_link\" style=\"border-radius:32px\" target=\"_blank\" rel=\"noreferrer noopener\">Clic Aqu\u00ed 2\u00ba A\u00f1o<\/a><\/div>\n<\/div>\n\n\n\n<p class=\"has-text-align-center has-contrast-color has-pale-ocean-gradient-background has-text-color has-background has-medium-font-size\"><strong>Profesorado de Artes Visuales<\/strong><\/p>\n\n\n\n<div class=\"wp-block-buttons is-layout-flex\">\n<div class=\"wp-block-button is-style-outline\"><a class=\"wp-block-button__link has-accent-color has-base-2-background-color has-text-color has-background wp-element-button\" href=\"https:\/\/drive.google.com\/drive\/folders\/1LRkzq3z4KDgFWmL8Malp0ySPLx56ZoU-?usp=drive_link\" style=\"border-radius:33px\" target=\"_blank\" rel=\"noreferrer noopener\">Clic Aqu\u00ed 1\u00ba A\u00f1o<\/a><\/div>\n\n\n\n<div class=\"wp-block-button is-style-outline\"><a class=\"wp-block-button__link has-accent-color has-base-2-background-color has-text-color has-background wp-element-button\" href=\"https:\/\/drive.google.com\/drive\/folders\/1LRkzq3z4KDgFWmL8Malp0ySPLx56ZoU-?usp=drive_link\" style=\"border-radius:33px\" target=\"_blank\" rel=\"noreferrer noopener\">Clic Aqu\u00ed 2\u00ba A\u00f1o<\/a><\/div>\n<\/div>\n\n\n\n<p class=\"has-text-align-center has-contrast-color has-text-color has-background has-medium-font-size\" style=\"background:linear-gradient(135deg,rgb(255,206,236) 0%,rgb(158,209,200) 49%,rgb(152,150,240) 100%)\"><strong>Tecnicatura Superior en Gastronom\u00eda<\/strong><\/p>\n\n\n\n<div class=\"wp-block-buttons is-layout-flex\">\n<div class=\"wp-block-button is-style-outline\"><a class=\"wp-block-button__link has-accent-color has-base-background-color has-text-color has-background wp-element-button\" href=\"https:\/\/drive.google.com\/drive\/folders\/1bfvx0sLcjk5jT19fwDcQtZk1Oy1iIYV2?usp=drive_link\" style=\"border-radius:25px\">Clic Aqu\u00ed 1\u00ba A\u00f1o<\/a><\/div>\n\n\n\n<div class=\"wp-block-button is-style-outline\"><a class=\"wp-block-button__link has-accent-color has-base-background-color has-text-color has-background wp-element-button\" href=\"https:\/\/drive.google.com\/drive\/folders\/1NGgFmGOXrYzvkDm4bSTPFQq61-sc6tnj?usp=drive_link\" style=\"border-radius:25px\">Clic Aqu\u00ed 2\u00ba A\u00f1o<\/a><\/div>\n<\/div>\n","protected":false},"excerpt":{"rendered":"<p>Profesorado Educaci\u00f3n Primaria Profesorado Educaci\u00f3n Inicial Profesorado de F\u00edsica Tecnicatura Superior en Enfermer\u00eda Profesorado de Biolog\u00eda Profesorado de Tecnolog\u00eda Profesorado de Econom\u00eda Profesorado de Artes Visuales Tecnicatura Superior en Gastronom\u00eda<\/p>\n","protected":false},"author":83,"featured_media":0,"parent":0,"menu_order":0,"comment_status":"closed","ping_status":"closed","template":"","meta":[],"acf":[],"_links":{"self":[{"href":"https:\/\/isfdarienti-ers.infd.edu.ar\/sitio\/wp-json\/wp\/v2\/pages\/2819"}],"collection":[{"href":"https:\/\/isfdarienti-ers.infd.edu.ar\/sitio\/wp-json\/wp\/v2\/pages"}],"about":[{"href":"https:\/\/isfdarienti-ers.infd.edu.ar\/sitio\/wp-json\/wp\/v2\/types\/page"}],"author":[{"embeddable":true,"href":"https:\/\/isfdarienti-ers.infd.edu.ar\/sitio\/wp-json\/wp\/v2\/users\/83"}],"replies":[{"embeddable":true,"href":"https:\/\/isfdarienti-ers.infd.edu.ar\/sitio\/wp-json\/wp\/v2\/comments?post=2819"}],"version-history":[{"count":42,"href":"https:\/\/isfdarienti-ers.infd.edu.ar\/sitio\/wp-json\/wp\/v2\/pages\/2819\/revisions"}],"predecessor-version":[{"id":3399,"href":"https:\/\/isfdarienti-ers.infd.edu.ar\/sitio\/wp-json\/wp\/v2\/pages\/2819\/revisions\/3399"}],"wp:attachment":[{"href":"https:\/\/isfdarienti-ers.infd.edu.ar\/sitio\/wp-json\/wp\/v2\/media?parent=2819"}],"curies":[{"name":"wp","href":"https:\/\/api.w.org\/{rel}","templated":true}]}}